{"id":14380,"date":"2024-12-23T15:42:04","date_gmt":"2024-12-23T15:42:04","guid":{"rendered":"https:\/\/klak.is\/?page_id=14380"},"modified":"2026-02-04T15:11:48","modified_gmt":"2026-02-04T15:11:48","slug":"privacy-policy-for-klak","status":"publish","type":"page","link":"https:\/\/klak.is\/en\/privacy-policy-for-klak\/","title":{"rendered":"PERS\u00d3NUVERNDARYFIRL\u00ddSING KLAK"},"content":{"rendered":"\t\t<div data-elementor-type=\"wp-page\" data-elementor-id=\"14380\" class=\"elementor elementor-14380\" data-elementor-post-type=\"page\">\n\t\t\t\t\t\t<section class=\"ob-is-breaking-bad elementor-section elementor-top-section elementor-element elementor-element-5c0b58c0 elementor-section-boxed elementor-section-height-default elementor-section-height-default\" data-id=\"5c0b58c0\" data-element_type=\"section\" data-e-type=\"section\" data-settings=\"{&quot;_ob_bbad_use_it&quot;:&quot;yes&quot;,&quot;_ob_bbad_sssic_use&quot;:&quot;no&quot;,&quot;_ob_glider_is_slider&quot;:&quot;no&quot;}\">\n\t\t\t\t\t\t<div class=\"elementor-container elementor-column-gap-default\">\n\t\t\t\t\t<div class=\"elementor-column elementor-col-100 elementor-top-column elementor-element elementor-element-3089422f\" data-id=\"3089422f\" data-element_type=\"column\" data-e-type=\"column\" data-settings=\"{&quot;_ob_bbad_is_stalker&quot;:&quot;no&quot;,&quot;_ob_teleporter_use&quot;:false,&quot;_ob_column_hoveranimator&quot;:&quot;no&quot;,&quot;_ob_column_has_pseudo&quot;:&quot;no&quot;}\">\n\t\t\t<div class=\"elementor-widget-wrap elementor-element-populated\">\n\t\t\t\t\t\t<div class=\"elementor-element elementor-element-5a723e25 ob-harakiri-inherit ob-has-background-overlay elementor-widget elementor-widget-text-editor\" data-id=\"5a723e25\" data-element_type=\"widget\" data-e-type=\"widget\" data-settings=\"{&quot;_ob_use_harakiri&quot;:&quot;yes&quot;,&quot;_ob_harakiri_writing_mode&quot;:&quot;inherit&quot;,&quot;_ob_postman_use&quot;:&quot;no&quot;,&quot;_ob_perspektive_use&quot;:&quot;no&quot;,&quot;_ob_poopart_use&quot;:&quot;yes&quot;,&quot;_ob_shadough_use&quot;:&quot;no&quot;,&quot;_ob_allow_hoveranimator&quot;:&quot;no&quot;,&quot;_ob_widget_stalker_use&quot;:&quot;no&quot;}\" data-widget_type=\"text-editor.default\">\n\t\t\t\t<div class=\"elementor-widget-container\">\n\t\t\t\t\t\t\t\t\t\n<h2 class=\"wp-block-heading\"><strong>PERS\u00d3NUVERNDARYFIRL\u00ddSING KLAK INNOVIT ehf. (h\u00e9r eftir \u201eKLAK \u201c)<\/strong><\/h2>\n\n<p><strong>Almennt<\/strong><\/p>\n\n<p>KLAK er umhuga\u00f0 um fri\u00f0helgi einkal\u00edfs og kappkostar a\u00f0 vernda pers\u00f3nuuppl\u00fdsingar \u00fe\u00ednar. \u00cd \u00feessari pers\u00f3nuverndaryfirl\u00fdsingu kemur fram hvernig vi\u00f0 umg\u00f6ngumst \u00fe\u00e6r pers\u00f3nuuppl\u00fdsingar sem vi\u00f0 geymum um \u00feig og hva\u00f0a r\u00e9ttindi \u00fe\u00fa \u00e1tt var\u00f0andi uppl\u00fdsingarnar. KLAK vinnur \u00fev\u00ed pers\u00f3nuuppl\u00fdsingar \u00fe\u00ednar \u00ed samr\u00e6mi vi\u00f0 l\u00f6g nr. 90\/2018, um pers\u00f3nuvernd og vinnslu pers\u00f3nuuppl\u00fdsinga.<a id=\"_ftnref2\" href=\"#_ftn2\">[2]<\/a><\/p>\n\n<p><strong>\u00c1byrg\u00f0ara\u00f0ili<\/strong><\/p>\n\n<p>KLAK INNOVIT ehf. kt. 440500-2690, Bjargarg\u00f6tu 1, 102 Reykjav\u00edk er \u00e1byrg\u00f0ara\u00f0ili fyrir \u00feeirri vinnslu pers\u00f3nuuppl\u00fdsinga sem fram fer \u00ed tengslum vi\u00f0 a\u00f0 raungera hugmyndir frumkv\u00f6\u00f0la, st\u00e6kka og sty\u00f0ja vi\u00f0 samf\u00e9lag frumkv\u00f6\u00f0la \u00e1 \u00cdslandi me\u00f0 \u00fea\u00f0 a\u00f0 markmi\u00f0i a\u00f0 fj\u00f6lga sprotafyrirt\u00e6kjum.<\/p>\n\n<p><strong>Hva\u00f0a uppl\u00fdsingum s\u00f6fnum vi\u00f0?<\/strong><\/p>\n\n<p>Pers\u00f3nuuppl\u00fdsingar eru hvers kyns uppl\u00fdsingar um einstakling sem gera m\u00f6gulegt a\u00f0 pers\u00f3nugreina hann, beint e\u00f0a \u00f3beint. Vi\u00f0 s\u00f6fnum einkum eftirfarandi pers\u00f3nuuppl\u00fdsingum um \u00feig:<\/p>\n\n<ul class=\"wp-block-list\">\n<li>Tengili\u00f0auppl\u00fdsingar, s.s. nafn, kennit\u00f6lu, heimilisfang, t\u00f6lvup\u00f3stfang og s\u00edman\u00famer.<\/li>\n\n<li>Uppl\u00fdsingar um hugmyndir \u00fe\u00e1tttakenda, s.s. hven\u00e6r hugmynd er skila\u00f0 inn og hva\u00f0a a\u00f0ili er \u00e1 bak vi\u00f0 hugmyndina.<\/li>\n\n<li>Uppl\u00fdsingum um ums\u00e6kjandann sj\u00e1lfan, starfstitil hans e\u00f0a st\u00f6rf, og ef vi\u00f0komandi er eigandi fyrirt\u00e6kis, \u00fe\u00e1 er safna\u00f0 uppl\u00fdsingum um rekstur f\u00e9lagsins, \u00fear \u00e1 me\u00f0al tegund starfsemi og \u00f6nnur tengd atri\u00f0i. Allar sl\u00edkar uppl\u00fdsingar eru s\u00f3ttar me\u00f0 sam\u00feykki \u00fe\u00ednu.<\/li>\n\n<li>Samskiptasaga, \u00fe.e. \u00feegar ums\u00e6kjendur hafa samband vi\u00f0 okkur, hvort sem \u00fear er almenn fyrirspurn, ums\u00f3kn um \u00fe\u00e1ttt\u00f6ku e\u00f0a anna\u00f0, \u00fe\u00e1 geymum vi\u00f0 \u00fe\u00e1 samskiptas\u00f6gu.<\/li>\n\n<li>Marka\u00f0sefni tengt verkefnum, \u00fe.e. \u00feegar ums\u00e6kjendur hafa samband vi\u00f0 okkur, hvort sem \u00fea\u00f0 er almenn fyrirspurn, ums\u00f3kn um \u00fe\u00e1ttt\u00f6ku e\u00f0a anna\u00f0, \u00fe\u00e1 geymum vi\u00f0 uppl\u00fdsingar um n\u00f6fn og t\u00f6lvup\u00f3stfang, \u00e1samt \u00fev\u00ed getur veri\u00f0 mynd af ums\u00e6kjanda. \u00a0<\/li>\n\n<li>Eftirlitsmyndav\u00e9lar, \u00fea\u00f0 eru nokkrar eftirlitsmyndav\u00e9lar sta\u00f0settar \u00ed a\u00f0setri KLAK.<\/li>\n\n<li>T\u00e6knileg g\u00f6gn, t.d. IP-t\u00f6lur og \u00f6nnur g\u00f6gn tengd notkun \u00feinni \u00e1 vefs\u00ed\u00f0u f\u00e9lagsins.<\/li>\n<\/ul>\n\n<p><strong>Hvernig s\u00f6fnum vi\u00f0 uppl\u00fdsingum?<\/strong><\/p>\n\n<p>Vi\u00f0 \u00f6flum tengili\u00f0auppl\u00fdsinga fr\u00e1 \u00fe\u00e9r \u00ed gegnum ums\u00f3knarferli, ey\u00f0ubl\u00f6\u00f0, s\u00edma, e\u00f0a t\u00f6lvup\u00f3st, e\u00f0a me\u00f0 \u00f6\u00f0rum h\u00e6tti, t.d. me\u00f0 hugb\u00fana\u00f0arlausnum Acterio AS og Younoodle. Vi\u00f0 \u00f6flum uppl\u00fdsinga fr\u00e1 \u00fe\u00e9r auk \u00feess sem vi\u00f0 skr\u00e1um uppl\u00fdsingar um \u00fe\u00e1 \u00fej\u00f3nustu sem vi\u00f0 veitum \u00fe\u00e9r. Jafnframt h\u00f6ldum vi\u00f0 utan um grei\u00f0sluuppl\u00fdsingar og \u00fatgefna reikninga sem eru nau\u00f0synlegar vegna samningssambands og til a\u00f0 uppfylla skilyr\u00f0i skatta- og b\u00f3khaldslaga.<\/p>\n\n<p>Vi\u00f0 notkun \u00fe\u00edna \u00e1 vefs\u00ed\u00f0u KLAK s\u00f6fnum vi\u00f0 vissum uppl\u00fdsingum me\u00f0 notkun vafrakaka (e. cookies) og me\u00f0 samb\u00e6rilegri t\u00e6kni. <a href=\"https:\/\/klak.is\/vafrakokustefna-klak-e-cookie-policy\/\">Sj\u00e1 n\u00e1nar h\u00e9r<\/a> .<\/p>\n\n<p><strong>Tilgangur vinnslu okkar \u00e1 pers\u00f3nuuppl\u00fdsingum<\/strong><\/p>\n\n<p>Vi\u00f0 vinnum eing\u00f6ngu pers\u00f3nuuppl\u00fdsingar \u00fe\u00ednar a\u00f0 \u00fev\u00ed marki sem l\u00f6g heimila. Helstu tilvik eru eftirfarandi:<\/p>\n\n<ul class=\"wp-block-list\">\n<li>Til a\u00f0 geta veitt vi\u00f0skiptavinum \u00fe\u00e1 \u00fej\u00f3nustu sem KLAK b\u00fd\u00f0ur upp \u00e1, safnar KLAK pers\u00f3nuuppl\u00fdsingum eins og nafni, kennit\u00f6lu, netfangi og hugmynd ums\u00e6kjanda. Vinnslan \u00e1 \u00feessum g\u00f6gnum fer eftir \u00fev\u00ed hva\u00f0a vi\u00f0skiptahra\u00f0al er s\u00f3tt um, en h\u00fan er jafnframt nau\u00f0synleg til a\u00f0 KLAK geti uppfyllt skilm\u00e1la s\u00edna og veitt \u00fej\u00f3nustuna \u00e1 r\u00e9ttum forsendum.<\/li>\n\n<li>Til a\u00f0 geta uppfyllt skyldur samkv\u00e6mt b\u00f3khaldsl\u00f6gum, samkv\u00e6mt bei\u00f0num fr\u00e1 opinberum yfirv\u00f6ldum og stofnunum og \u00f6\u00f0rum \u00e1kv\u00e6\u00f0um laga.<\/li>\n\n<li>Til a\u00f0 geta, eftir atvikum, gefi\u00f0 ums\u00e6kjendum vi\u00f0skiptahra\u00f0als sem gagnlegasta lei\u00f0s\u00f6gn og\/e\u00f0a fundi\u00f0 teymi e\u00f0a hugmynd sem vi\u00f0komandi hentar best \u00ed, er fari\u00f0 yfir ferli vi\u00f0 a\u00f0 para saman lei\u00f0beinanda, \u00fe\u00e1tttakendur og s\u00f6gu teyma.<\/li>\n\n<li>Til a\u00f0 geta sent ums\u00e6kjendum uppl\u00fdsingar um n\u00e6stu vi\u00f0skiptahra\u00f0la a\u00f0 \u00fev\u00ed gefnu a\u00f0 ums\u00e6kjendur sam\u00feykki sl\u00edkt.<\/li>\n\n<li>Til a\u00f0 geta sent vi\u00f0skiptavinum uppl\u00fdsingar sem eru s\u00e9rsni\u00f0nar a\u00f0 \u00feeim eins og t\u00f6lfr\u00e6\u00f0ilegar uppl\u00fdsingar \u00ed g\u00e6\u00f0a- og marka\u00f0sstarfi, a\u00f0 \u00fev\u00ed gefnu a\u00f0 vi\u00f0skiptavinir sam\u00feykki sl\u00edkt.<\/li>\n\n<li>Til a\u00f0 svara fyrirspurn \u00fe\u00e1tttakenda og breg\u00f0ast vi\u00f0 fyrirspurnum \u00feeirra.<\/li>\n\n<li>Til a\u00f0 geta greint og gert \u00e1\u00e6tlanir innan fyrirt\u00e6kisins, vi\u00f0 marka\u00f0sranns\u00f3knir, til a\u00f0 b\u00e6ta \u00fej\u00f3nustu og teki\u00f0 saman t\u00f6lfr\u00e6\u00f0ilegar uppl\u00fdsingar \u00ed g\u00e6\u00f0a- og marka\u00f0sstarfi.<\/li>\n\n<li>Unni\u00f0 er me\u00f0 uppt\u00f6kur \u00far eftirlitsmyndav\u00e9lum \u00ed \u00f6ryggis- og eignav\u00f6rsluskyni.<\/li>\n<\/ul>\n\n<p><strong>Mi\u00f0lun til \u00feri\u00f0ju a\u00f0ila<\/strong><\/p>\n\n<p>\u00cd \u00fev\u00ed skyni a\u00f0 uppfylla \u00feann tilgang sem l\u00fdst er h\u00e9r a\u00f0 ofan kann a\u00f0 vera nau\u00f0synlegt a\u00f0 mi\u00f0la pers\u00f3nugreinanlegum uppl\u00fdsingum um vi\u00f0skiptavin til \u00feri\u00f0ja a\u00f0ila, vinnslua\u00f0ila, sem er \u00fej\u00f3nustuveitandi, umbo\u00f0sma\u00f0ur e\u00f0a verktaki KLAK \u00ed \u00feeim tilgangi a\u00f0 lj\u00faka vi\u00f0 verkefni fyrir ums\u00e6kjandann e\u00f0a veita ums\u00e6kjanda \u00fej\u00f3nustu sem hann hefur be\u00f0i\u00f0 um e\u00f0a sam\u00feykkt. S\u00fa mi\u00f0lun er einungis \u00ed \u00feeim tilvikum sem talin eru upp \u00ed stefnu \u00feessari.<\/p>\n\n<p>KLAK\u00a0 deilir einnig uppl\u00fdsingum me\u00f0 vinnslua\u00f0ilum \u00feegar \u00fea\u00f0 er nau\u00f0synlegt til a\u00f0 vernda br\u00fdna hagsmuni og jafnframt til hagstofu \u00edslands \u00ed uppl\u00fdsingaskyni til \u00feess. \u00de\u00e1 deilir KLAK\u00a0 einnig uppl\u00fdsingum \u00ed t\u00f6lfr\u00e6\u00f0ilegum tilgangi, me\u00f0 vinnslua\u00f0ilum sem vinna me\u00f0 fyrirt\u00e6kjum vi\u00f0 g\u00e6\u00f0a- og marka\u00f0sstarf.<\/p>\n\n<p>KLAK\u00a0 afhendir vinnslua\u00f0ilum einungis \u00fe\u00e6r pers\u00f3nuuppl\u00fdsingar sem nau\u00f0synlegar eru fyrir vinnslua\u00f0ila \u00ed framangreindum tilgangi og gerir fyrirt\u00e6ki\u00f0 \u00fe\u00e1 samning \u00fear sem \u00feeir undirgangast skyldu um a\u00f0 halda uppl\u00fdsingum um vi\u00f0skiptavini \u00f6ruggum og nota \u00fe\u00e6r einungis \u00ed framangreindum tilgangi.<\/p>\n\n<p><strong>\u00d6ryggi pers\u00f3nuuppl\u00fdsinga<\/strong><\/p>\n\n<p>KLAK vi\u00f0hefur vi\u00f0eigandi \u00f6ryggisr\u00e1\u00f0stafanir \u00ed \u00fev\u00ed skyni a\u00f0 hindra a\u00f0 pers\u00f3nuuppl\u00fdsingar ums\u00e6kjenda glatist, breytist, ver\u00f0i birtar e\u00f0a a\u00f0gangur veittur a\u00f0 \u00feeim \u00ed leyfisleysi.<\/p>\n\n<p><strong>Hve lengi eru pers\u00f3nuuppl\u00fdsingar geymdar?<\/strong><\/p>\n\n<p>KLAK\u00a0 geymir pers\u00f3nuuppl\u00fdsingar svo lengi sem nau\u00f0syn ber til \u00ed \u00feeim tilgangi sem \u00feeirra var afla\u00f0. Geymslut\u00edmi sl\u00edkra pers\u00f3nuuppl\u00fdsinga fer eftir e\u00f0li uppl\u00fdsinganna og \u00feeim lagareglum sem gilda um vi\u00f0komandi vinnslu pers\u00f3nuuppl\u00fdsinga, t.d. skatta- og b\u00f3khaldsl\u00f6ggjafar.<\/p>\n\n<p>G\u00f6gn sem fara \u00ed gegnum gervigreindart\u00f3l eru ekki geymd til lengri t\u00edma heldur fl\u00e6\u00f0a \u00ed gegnum kerfi\u00f0 og er eytt strax eftir notkun.<\/p>\n\n<p><strong>S\u00f6fnun og notkun \u00ed marka\u00f0stengdum tilgangi<\/strong><\/p>\n\n<p>Ef ums\u00e6kjendur sam\u00feykkja getur KLAK nota\u00f0 pers\u00f3nuuppl\u00fdsingar \u00feeirra til a\u00f0 gera \u00feeim kunnugt um vi\u00f0skiptahra\u00f0la sem eru \u00ed gangi og sent \u00feeim anna\u00f0 marka\u00f0sefni sem KLAK\u00a0 telur a\u00f0 \u00feeir g\u00e6tu haft \u00e1huga \u00e1. Auk \u00feess getur KLAK sent ums\u00e6kjendum marka\u00f0sefni sem vi\u00f0 teljum a\u00f0 ums\u00e6kjendur okkar g\u00e6tu haft \u00e1huga \u00e1. Auk \u00feess getum vi\u00f0 haft samband vi\u00f0 ums\u00e6kjanda og uppl\u00fdst hann um hugmynd e\u00f0a vi\u00f0skiptahra\u00f0al sem vi\u00f0 teljum hann vera g\u00f3\u00f0 vi\u00f0b\u00f3t vi\u00f0. \u00de\u00e1 getum vi\u00f0 nota\u00f0 uppl\u00fdsingar til a\u00f0 vinna t\u00f6lfr\u00e6\u00f0ilegar uppl\u00fdsingar \u00ed g\u00e6\u00f0a- og marka\u00f0sstarfi. Framangreind samskipti geta \u00e1tt s\u00e9r sta\u00f0 \u00ed gegnum t\u00f6lvup\u00f3st, s\u00edma, br\u00e9fasendingar e\u00f0a SMS. KLAK mun \u00fe\u00f3 leitast vi\u00f0 a\u00f0 hafa \u00feessi samskipti h\u00f3fleg.<\/p>\n\n<p>Innt ver\u00f0ur eftir sam\u00feykki vi\u00f0skiptavina me\u00f0 rafr\u00e6num h\u00e6tti. Vi\u00f0skiptavinir munu einnig geta komi\u00f0 sam\u00feykki s\u00ednu \u00e1 framf\u00e6ri me\u00f0 \u00fev\u00ed a\u00f0 senda okkur t\u00f6lvup\u00f3st \u00e1 gdpr@klak.is<\/p>\n\n<p><strong>Notkun gervigreindart\u00f3la<\/strong><\/p>\n\n<p>KLAK notar \u00fdmis gervigreindart\u00f3l til a\u00f0 b\u00e6ta \u00fej\u00f3nustu, greina g\u00f6gn, og sty\u00f0ja vi\u00f0 vi\u00f0skiptahra\u00f0la. Vi\u00f0 notkun \u00feessara t\u00f3la eru s\u00e9rstaklega g\u00e6tt a\u00f0 eftirfarandi:<\/p>\n\n<ul class=\"wp-block-list\">\n<li>Gervigreindart\u00f3l geta unni\u00f0 me\u00f0 pers\u00f3nuuppl\u00fdsingar eins og n\u00f6fn, netf\u00f6ng, l\u00fdsing \u00e1 h\u00e6fni, verkefni, ums\u00f3knir og a\u00f0rar uppl\u00fdsingar sem tengjast \u00fe\u00e1tttakendum, tengili\u00f0um og haga\u00f0ilum.<\/li>\n\n<li>G\u00f6gn eru unnin til a\u00f0 sty\u00f0ja vi\u00f0 r\u00e1\u00f0gj\u00f6f, p\u00f6run lei\u00f0beinanda, greiningu \u00e1 verkefnum og umb\u00e6tur \u00e1 \u00fej\u00f3nustu.<\/li>\n\n<li>Vinnsla byggir \u00e1 sam\u00feykki, samningi e\u00f0a l\u00f6gm\u00e6tum hagsmunum eftir atvikum.<\/li>\n\n<li>A\u00f0gangsst\u00fdringar, dulk\u00f3\u00f0un og rekjanleiki eru trygg\u00f0. G\u00f6gn eru ekki geymd lengur en nau\u00f0synlegt er og eytt samkv\u00e6mt verklagi.<\/li>\n\n<li>Ef unni\u00f0 er me\u00f0 vi\u00f0kv\u00e6mar pers\u00f3nuuppl\u00fdsingar er \u00fea\u00f0 gert me\u00f0 s\u00e9rstakri var\u00fa\u00f0 og \u00ed samr\u00e6mi vi\u00f0 l\u00f6g og reglur.<\/li>\n<\/ul>\n\n<p><strong>R\u00e9ttur \u00feinn<\/strong><\/p>\n\n<p>\u00cd vissum tilvikum \u00e1tt \u00fe\u00fa r\u00e9ttindi samkv\u00e6mt pers\u00f3nuverndarl\u00f6ggj\u00f6f \u00ed tengslum vi\u00f0 vinnslu KLAK \u00e1 pers\u00f3nuverndaruppl\u00fdsingum. Ef \u00fe\u00fa vilt neyta \u00feessara r\u00e9ttinda bi\u00f0jum vi\u00f0 \u00feig a\u00f0 hafa samband vi\u00f0 okkur og vi\u00f0 munum leitast vi\u00f0 a\u00f0 svara bei\u00f0ni \u00feinni eins flj\u00f3tt og au\u00f0i\u00f0 er (\u00ed flestum tilvikum innan eins m\u00e1na\u00f0ar fr\u00e1 m\u00f3tt\u00f6ku) nema um s\u00e9 a\u00f0 r\u00e6\u00f0a margar og umfangsmiklar bei\u00f0nir.<\/p>\n\n<ul class=\"wp-block-list\">\n<li>R\u00e9ttur til a\u00f0gangs: \u00de\u00fa \u00e1tt r\u00e9tt \u00e1 a\u00f0 \u00f3ska eftir a\u00f0gangi a\u00f0 pers\u00f3nuuppl\u00fdsingum um \u00feig og a\u00f0 f\u00e1 afhent afrit uppl\u00fdsinganna. Me\u00f0 \u00feeim h\u00e6tti getur \u00fe\u00fa fullvissa\u00f0 \u00feig um a\u00f0 uppl\u00fdsingarnar s\u00e9u r\u00e9ttar og a\u00f0 vinnsla okkar \u00e1 \u00feeim s\u00e9 \u00ed samr\u00e6mi vi\u00f0 l\u00f6g.<\/li>\n\n<li>R\u00e9ttur til lei\u00f0r\u00e9ttingar: Ef einhverjar uppl\u00fdsingar um \u00feig eru rangar e\u00f0a \u00f3n\u00e1kv\u00e6mar \u00e1tt \u00fe\u00fa almennt r\u00e9tt \u00e1 a\u00f0 l\u00e1ta okkur lei\u00f0r\u00e9tta \u00fe\u00e6r.<\/li>\n\n<li>R\u00e9ttur til ey\u00f0ingar: \u00cd vissum tilvikum getur \u00fe\u00fa \u00e1tt r\u00e9tt \u00e1 a\u00f0 vi\u00f0 ey\u00f0um pers\u00f3nuuppl\u00fdsingum sem vi\u00f0 geymum um \u00feig. \u00deetta \u00e1 einkum vi\u00f0 \u00ed \u00feeim tilvikum \u00fear sem uppl\u00fdsingarnar eru ekki lengur nau\u00f0synlegar, ef \u00fe\u00fa hefur andm\u00e6lt vinnslu uppl\u00fdsinganna (sbr. h\u00e9r a\u00f0 ne\u00f0an), ef vinnslan reynist \u00f3l\u00f6gm\u00e6t, e\u00f0a ef vinnslan bygg\u00f0i \u00e1 sam\u00feykki sem \u00fe\u00fa hefur s\u00ed\u00f0ar afturkalla\u00f0.<\/li>\n\n<li>R\u00e9ttur til a\u00f0 andm\u00e6la vinnslu: Ef vinnsla okkar byggir \u00e1 l\u00f6gm\u00e6tum hagsmunum, og \u00fe\u00fa telur a\u00f0 vegna a\u00f0st\u00e6\u00f0na \u00feinna brj\u00f3ti vinnslan gegn grundvallarr\u00e9ttindum \u00fe\u00ednum, getur \u00fe\u00fa andm\u00e6lt vinnslunni. Ef \u00fe\u00fa andm\u00e6lir, h\u00e6ttum vi\u00f0 vinnslunni nema vi\u00f0 getum bent \u00e1 r\u00edkari l\u00f6gm\u00e6ta hagsmuni af a\u00f0 halda henni \u00e1fram.\u00a0<\/li>\n\n<li>R\u00e9ttur til takm\u00f6rkunar vinnslu: \u00cd eftirt\u00f6ldum tilvikum \u00e1tt \u00fe\u00fa r\u00e9tt \u00e1 a\u00f0 vi\u00f0 st\u00f6\u00f0vum vinnslu pers\u00f3nuuppl\u00fdsinga, \u00fe.e. ef \u00fe\u00fa vefengir a\u00f0 pers\u00f3nuuppl\u00fdsingarnar s\u00e9u r\u00e9ttar (\u00feanga\u00f0 til a\u00f0 vi\u00f0 getum sta\u00f0fest a\u00f0 \u00fe\u00e6r s\u00e9u r\u00e9ttar); vinnslan s\u00e9 \u00f3l\u00f6gm\u00e6t, ef \u00fev\u00ed vilt ekki a\u00f0 pers\u00f3nuuppl\u00fdsingunum s\u00e9 eytt; vi\u00f0 \u00feurfum ekki lengur \u00e1 pers\u00f3nuuppl\u00fdsingunum a\u00f0 halda fyrir vinnsluna en \u00fe\u00fa \u00fearfnast \u00feeirra til \u00feess a\u00f0 stofna, hafa uppi e\u00f0a verja r\u00e9ttarkr\u00f6fur; og \u00fe\u00fa hefur andm\u00e6lt vinnslunni, sbr. a\u00f0 ofan. \u00cd \u00fev\u00ed tilviki st\u00f6\u00f0vum vi\u00f0 vinnslu me\u00f0an vi\u00f0 h\u00f6fum ekki bent \u00e1 r\u00edkari l\u00f6gm\u00e6ta hagsmuni okkar af a\u00f0 halda henni \u00e1fram.<\/li>\n\n<li>R\u00e9ttur til a\u00f0 afturkalla sam\u00feykki: \u00cd \u00feeim tilvikum \u00fear sem vi\u00f0 byggjum vinnslu \u00e1 sam\u00feykki \u00fe\u00ednu er \u00fe\u00e9r \u00e1vallt heimilt a\u00f0 afturkalla sl\u00edkt sam\u00feykki. Afturk\u00f6llun \u00fe\u00fd\u00f0ir \u00fe\u00f3 ekki a\u00f0 vinnsla sem f\u00f3r fram \u00e1\u00f0ur en sam\u00feykki var afturkalla\u00f0 s\u00e9 \u00f3l\u00f6gm\u00e6t.<\/li>\n<\/ul>\n\n<p>KLAK \u00e1skilur s\u00e9r r\u00e9tt \u00e1 a\u00f0 synja um afhendingu \u00feegar um er a\u00f0 r\u00e6\u00f0a bei\u00f0nir sem eru bers\u00fdnilega tilh\u00e6fulausar, \u00f3h\u00f3flegar e\u00f0a margendurteknar.\u00a0<\/p>\n\n<p><strong>Tengili\u00f0ur<\/strong><\/p>\n\n<p>Ef \u00fe\u00fa hefur spurningar, athugasemdir, e\u00f0a kvartanir fram a\u00f0 f\u00e6ra var\u00f0andi \u00feessa pers\u00f3nuverndaryfirl\u00fdsingu e\u00f0a me\u00f0fer\u00f0 KLAK \u00e1 pers\u00f3nuuppl\u00fdsingum getur \u00fe\u00fa haft samband vi\u00f0 okkur s\u00edmlei\u00f0is \u00ed s\u00edma 861-3134 e\u00f0a me\u00f0 \u00fev\u00ed a\u00f0 senda okkur t\u00f6lvup\u00f3st \u00e1 <a href=\"mailto:gdpr@klak.is\">gdpr@klak.is<\/a><\/p>\n\n<p>Ef \u00fe\u00fa telur \u00feig ekki f\u00e1 \u00farlausn \u00feinna m\u00e1la hj\u00e1 <a href=\"mailto:gdpr@klak.is\">gdpr@klak.is<\/a> er \u00fe\u00e9r \u00e1vallt heimilt a\u00f0 beina kv\u00f6rtun til Pers\u00f3nuverndar (vefs\u00ed\u00f0an: <a href=\"http:\/\/www.personuvernd.is\">www.personuvernd.is<\/a>)<\/p>\n\n<p><strong>Breytingar<\/strong><\/p>\n\n<p>Pers\u00f3nuverndaryfirl\u00fdsing \u00feessi var sam\u00feykkt \u00feann 25. n\u00f3vember 2025.<\/p>\n\n<p>Pers\u00f3nuverndaryfirl\u00fdsing okkar er \u00ed st\u00f6\u00f0ugri sko\u00f0un og kann \u00feessari pers\u00f3nuverndaryfirl\u00fdsingu a\u00f0 ver\u00f0a breytt. Vi\u00f0 munum birta allar sl\u00edkar breytingar \u00e1 vefs\u00ed\u00f0u okkar.<\/p>\n\n<p>Me\u00f0 sama h\u00e6tti er okkur mikilv\u00e6gt a\u00f0 uppl\u00fdsingar um \u00feig s\u00e9u \u00e1vallt sem r\u00e9ttastar. \u00dev\u00ed bi\u00f0jum vi\u00f0 \u00feig g\u00f3\u00f0f\u00faslega a\u00f0 l\u00e1ta okkur vita ef tengili\u00f0auppl\u00fdsingar \u00fe\u00ednar (t.d. s\u00edman\u00fameri\u00f0 \u00feitt e\u00f0a netfang) e\u00f0a a\u00f0rar uppl\u00fdsingar breytast.<\/p>\n<hr class=\"wp-block-separator has-alpha-channel-opacity\" \/>\n<p><a id=\"_ftn1\" href=\"#_ftnref1\">[1]<\/a> \u00deessi fyrirmynd tekur til fr\u00e6\u00f0sluskyldu gagnvart ums\u00e6kjendum. Ath. a\u00f0 ef um starfsf\u00f3lk er a\u00f0 r\u00e6\u00f0a, \u00fearf jafnframt a\u00f0 fr\u00e6\u00f0a \u00fea\u00f0 um vinnslu pers\u00f3nuuppl\u00fdsinga \u00feess, t.d. \u00ed tengslum vi\u00f0 launavinnslu, vi\u00f0veruskr\u00e1ningu e\u00f0a rafr\u00e6na v\u00f6ktun.<\/p>\n\n<p><a id=\"_ftn2\" href=\"#_ftnref2\">[2]<\/a> Yfirl\u00fdsing \u00feessi n\u00e6r til ums\u00e6kjanda KLAK, \u00feeirra sem eiga \u00ed samskiptum vi\u00f0 KLAK, starfsmanna, ums\u00e6kjenda um starf, \u00fe\u00e1 sem heims\u00e6kja vefs\u00ed\u00f0u e\u00f0a samf\u00e9lagsmi\u00f0la KLAK. \u00a0<\/p>\n\t\t\t\t\t\t\t\t<\/div>\n\t\t\t\t<\/div>\n\t\t\t\t\t<\/div>\n\t\t<\/div>\n\t\t\t\t\t<\/div>\n\t\t<\/section>\n\t\t\t\t<\/div>\n\t\t","protected":false},"excerpt":{"rendered":"<p>PERS\u00d3NUVERNDARYFIRL\u00ddSING KLAK INNOVIT ehf. (h\u00e9r eftir \u201eKLAK \u201c) Almennt KLAK er umhuga\u00f0 um fri\u00f0helgi einkal\u00edfs og kappkostar a\u00f0 vernda pers\u00f3nuuppl\u00fdsingar \u00fe\u00ednar. \u00cd \u00feessari pers\u00f3nuverndaryfirl\u00fdsingu kemur fram hvernig vi\u00f0 umg\u00f6ngumst \u00fe\u00e6r pers\u00f3nuuppl\u00fdsingar sem vi\u00f0 geymum um \u00feig og hva\u00f0a r\u00e9ttindi \u00fe\u00fa \u00e1tt var\u00f0andi uppl\u00fdsingarnar. KLAK vinnur \u00fev\u00ed pers\u00f3nuuppl\u00fdsingar \u00fe\u00ednar \u00ed samr\u00e6mi vi\u00f0 l\u00f6g nr. 90\/2018, um [&hellip;]<\/p>\n","protected":false},"author":25,"featured_media":0,"parent":0,"menu_order":0,"comment_status":"closed","ping_status":"closed","template":"","meta":{"_acf_changed":false,"footnotes":""},"class_list":["post-14380","page","type-page","status-publish","hentry"],"acf":{"tengd_verkefni":null},"_links":{"self":[{"href":"https:\/\/klak.is\/en\/wp-json\/wp\/v2\/pages\/14380","targetHints":{"allow":["GET"]}}],"collection":[{"href":"https:\/\/klak.is\/en\/wp-json\/wp\/v2\/pages"}],"about":[{"href":"https:\/\/klak.is\/en\/wp-json\/wp\/v2\/types\/page"}],"author":[{"embeddable":true,"href":"https:\/\/klak.is\/en\/wp-json\/wp\/v2\/users\/25"}],"replies":[{"embeddable":true,"href":"https:\/\/klak.is\/en\/wp-json\/wp\/v2\/comments?post=14380"}],"version-history":[{"count":0,"href":"https:\/\/klak.is\/en\/wp-json\/wp\/v2\/pages\/14380\/revisions"}],"wp:attachment":[{"href":"https:\/\/klak.is\/en\/wp-json\/wp\/v2\/media?parent=14380"}],"curies":[{"name":"wp","href":"https:\/\/api.w.org\/{rel}","templated":true}]}}