{"id":148295,"date":"2026-01-28T13:29:19","date_gmt":"2026-01-28T13:29:19","guid":{"rendered":"https:\/\/klak.is\/?page_id=148295"},"modified":"2026-02-03T15:37:01","modified_gmt":"2026-02-03T15:37:01","slug":"vafrakokustefna-klak-e-cookie-policy","status":"publish","type":"page","link":"https:\/\/klak.is\/en\/vafrakokustefna-klak-e-cookie-policy\/","title":{"rendered":"Vafrak\u00f6kustefna KLAK (e. Cookie Policy)"},"content":{"rendered":"<div data-elementor-type=\"wp-page\" data-elementor-id=\"148295\" class=\"elementor elementor-148295\" data-elementor-post-type=\"page\">\n\t\t\t\t\t\t<section class=\"ob-is-breaking-bad elementor-section elementor-top-section elementor-element elementor-element-1bdb05ba elementor-section-boxed elementor-section-height-default elementor-section-height-default\" data-id=\"1bdb05ba\" data-element_type=\"section\" data-e-type=\"section\" data-settings=\"{&quot;_ob_bbad_use_it&quot;:&quot;yes&quot;,&quot;_ob_bbad_sssic_use&quot;:&quot;no&quot;,&quot;_ob_glider_is_slider&quot;:&quot;no&quot;}\">\n\t\t\t\t\t\t<div class=\"elementor-container elementor-column-gap-default\">\n\t\t\t\t\t<div class=\"elementor-column elementor-col-100 elementor-top-column elementor-element elementor-element-752f2dbd\" data-id=\"752f2dbd\" data-element_type=\"column\" data-e-type=\"column\" data-settings=\"{&quot;_ob_bbad_is_stalker&quot;:&quot;no&quot;,&quot;_ob_teleporter_use&quot;:false,&quot;_ob_column_hoveranimator&quot;:&quot;no&quot;,&quot;_ob_column_has_pseudo&quot;:&quot;no&quot;}\">\n\t\t\t<div class=\"elementor-widget-wrap elementor-element-populated\">\n\t\t\t\t\t\t<div class=\"elementor-element elementor-element-216e4c2e ob-harakiri-inherit ob-has-background-overlay elementor-widget elementor-widget-text-editor\" data-id=\"216e4c2e\" data-element_type=\"widget\" data-e-type=\"widget\" data-settings=\"{&quot;_ob_use_harakiri&quot;:&quot;yes&quot;,&quot;_ob_harakiri_writing_mode&quot;:&quot;inherit&quot;,&quot;_ob_postman_use&quot;:&quot;no&quot;,&quot;_ob_perspektive_use&quot;:&quot;no&quot;,&quot;_ob_poopart_use&quot;:&quot;yes&quot;,&quot;_ob_shadough_use&quot;:&quot;no&quot;,&quot;_ob_allow_hoveranimator&quot;:&quot;no&quot;,&quot;_ob_widget_stalker_use&quot;:&quot;no&quot;}\" data-widget_type=\"text-editor.default\">\n\t\t\t\t<div class=\"elementor-widget-container\">\n\t\t\t\t\t\t\t\t\t\n<h1><strong>Vafrak\u00f6kustefna KLAK (e. Cookie Policy)<\/strong><\/h1>\n\n<ol class=\"wp-block-list\">\n<li><strong>Almennt um vafrak\u00f6kur<\/strong><\/li>\n<\/ol>\n\n<p>KLAK notar vafrak\u00f6kur \u00e1 vefsv\u00e6\u00f0inu til a\u00f0 tryggja sem besta upplifun og \u00f6rugga virkni fyrir notendur.<\/p>\n\n<p>Vafrak\u00f6kur (cookies) eru litlar textaskr\u00e1r sem vista\u00f0ar eru \u00e1 t\u00e6ki notanda \u00feegar vefs\u00ed\u00f0a er heims\u00f3tt. \u00de\u00e6r eru nota\u00f0ar til a\u00f0 tryggja virkni vefs\u00ed\u00f0u, b\u00e6ta notendaupplifun og safna t\u00f6lfr\u00e6\u00f0ilegum uppl\u00fdsingum.<\/p>\n\n<ul class=\"wp-block-list\">\n<li><strong>Hva\u00f0a vafrak\u00f6kur notum vi\u00f0?<\/strong><\/li>\n<\/ul>\n\n<p>\u00deegar \u00fe\u00fa sko\u00f0ar vefsv\u00e6\u00f0i okkar vistast oft vafrak\u00f6kur \u00e1 t\u00f6lvunni \u00feinni e\u00f0a \u00feeim b\u00fana\u00f0i sem \u00fe\u00fa notar vi\u00f0 \u00fe\u00e1 sko\u00f0un. Vafrak\u00f6kurnar gera vefsv\u00e6\u00f0um okkar kleift a\u00f0 \u00feekkja aftur t\u00f6lvuna \u00fe\u00edna e\u00f0a b\u00fana\u00f0 og \u00fej\u00f3na \u00fdmsum tilgangi.\u00a0<\/p>\n\n<p>\u00c1 sumum vefsv\u00e6\u00f0um okkar mun birtast tilkynningarbor\u00f0i sem gerir \u00fe\u00e9r kleift a\u00f0 sam\u00feykkja e\u00f0a hafna vafrak\u00f6kum. \u00de\u00e6r tegundir vafrakaka sem vefsv\u00e6\u00f0i okkar notar er m.a.:\u00a0<\/p>\n\n<ul class=\"wp-block-list\">\n<li>Nau\u00f0synlegar vafrak\u00f6kur sem eru til \u00feess a\u00f0 gera notendum kleift a\u00f0 fara um vefsv\u00e6\u00f0i\u00f0 og n\u00fdta tiltekna virkni, t.d. innskr\u00e1ningu. \u00deessar vefk\u00f6kur er ekki h\u00e6gt a\u00f0 hafa \u00f3virkar, enda myndi vefurinn ekki virka \u00e1n \u00feeirra.<\/li>\n\n<li>Afkastam\u00e6lingak\u00f6kur sem safna g\u00f6gnum til a\u00f0 m\u00e6la og b\u00e6ta afk\u00f6st og virkni vefsv\u00e6\u00f0is.<\/li>\n\n<li>Virknik\u00f6kur sem \u00fej\u00f3na \u00feeim tilgangi a\u00f0 geyma \u00fe\u00e6r stillingar sem notandi hefur vali\u00f0 til a\u00f0 hafa \u00e1hrif \u00e1 \u00fatlit e\u00f0a virkni vefsins. \u00de\u00fa getur af\u00feakka\u00f0 sl\u00edkar k\u00f6kur, en \u00fea\u00f0 kann a\u00f0 hafa \u00e1hrif \u00e1 notendaupplifun \u00fe\u00edna af vefsv\u00e6\u00f0inu og \u00fe\u00fa g\u00e6tir \u00feurft a\u00f0 endurtaka tilteki\u00f0 val \u00ed hvert skipti sem \u00fe\u00fa heims\u00e6kir s\u00ed\u00f0una.<\/li>\n\n<li>Marka\u00f0ssetningark\u00f6kur eru nota\u00f0ar til a\u00f0 koma \u00e1 framf\u00e6ri efni sem sni\u00f0i\u00f0 er a\u00f0 \u00fe\u00ednum \u00e1hugasvi\u00f0um, draga \u00far endurtekningum \u00ed birtingu augl\u00fdsingaefnis og til a\u00f0 m\u00e6la virkni kynningar- og augl\u00fdsingaefnis.<\/li>\n<\/ul>\n\n<p>\u00der\u00e1tt fyrir a\u00f0 flestir vafrar sam\u00feykki vafrak\u00f6kur \u00fe\u00e1 getur \u00fe\u00fa vali\u00f0 hvort \u00fe\u00fa sam\u00feykkir \u00fe\u00e6r e\u00f0a ekki me\u00f0 \u00fev\u00ed a\u00f0 stilla \u00fea\u00f0 \u00ed vafranum. \u00de\u00fa getur einnig eytt vafrak\u00f6kum \u00far b\u00fana\u00f0i \u00fe\u00ednum hven\u00e6r sem \u00fe\u00e9r hentar. R\u00e9tt er \u00fe\u00f3 a\u00f0 hafa \u00ed huga a\u00f0 s\u00e9 vafrak\u00f6kunotkun ekki sam\u00feykkt kunna sumir eiginleikar vefsv\u00e6\u00f0isins a\u00f0 ver\u00f0a \u00f3virkir.<\/p>\n\n<p>Annar hugb\u00fana\u00f0ur \u00feri\u00f0ja a\u00f0ila kann a\u00f0 vera nota\u00f0ur \u00e1 \u00e1kve\u00f0num s\u00ed\u00f0um \u00e1 vefsv\u00e6\u00f0i okkar \u00e1 hverjum t\u00edma til a\u00f0 tryggja virkni. A\u00f0 jafna\u00f0i mun \u00feessi b\u00fana\u00f0ur koma fyrir vafrak\u00f6ku \u00ed t\u00e6ki \u00feitt til a\u00f0 au\u00f0velda \u00fe\u00e9r notkun \u00feeirra og til a\u00f0 tryggja a\u00f0 samskipti birtist me\u00f0 r\u00e9ttum h\u00e6tti \u00e1 vefs\u00ed\u00f0um f\u00e9lagsins.<\/p>\n\n<p>Vafrak\u00f6kurnar sj\u00e1lfar gefa hvorki upp netfang \u00feitt n\u00e9 au\u00f0kenna \u00feig \u00e1 nokkurn annan h\u00e1tt. \u00cd greiningarsk\u00fdrslum mun ver\u00f0a notast vi\u00f0 a\u00f0ra au\u00f0kenningar\u00fe\u00e6tti eins og IP-t\u00f6lu. \u00deetta er eing\u00f6ngu \u00e6tla\u00f0 til a\u00f0 greina fj\u00f6lda einstakra gesta \u00e1 vefsv\u00e6\u00f0i okkar og landfr\u00e6\u00f0ilegan uppruna vefumfer\u00f0ar, en ekki til au\u00f0kenningar \u00e1 hverjum notanda fyrir sig.<\/p>\n\n<ul class=\"wp-block-list\">\n<li><strong>Hafa samband<\/strong><\/li>\n<\/ul>\n\n<p>Athugasemdir e\u00f0a fyrirspurnir um vafrak\u00f6kur m\u00e1 senda \u00e1 netfangi\u00f0: <a href=\"mailto:gdpr@klak.is\">gdpr@klak.is<\/a><\/p>\n\n<p>\u00deessi vafrak\u00f6kustefna kann a\u00f0 taka breytingum \u00ed samr\u00e6mi vi\u00f0 breytingar \u00e1 l\u00f6gum, t\u00e6kni e\u00f0a starfsemi vefs\u00ed\u00f0unnar. Uppf\u00e6r\u00f0 \u00fatg\u00e1fa ver\u00f0ur birt \u00e1 \u00feessari s\u00ed\u00f0u og tekur gildi vi\u00f0 birtingu.<\/p>\n\n<p>S\u00ed\u00f0asta uppf\u00e6rsla: 27.1.2026.<\/p>\n\t\t\t\t\t\t\t\t<\/div>\n\t\t\t\t<\/div>\n\t\t\t\t\t<\/div>\n\t\t<\/div>\n\t\t\t\t\t<\/div>\n\t\t<\/section>\n\t\t\t\t<\/div>","protected":false},"excerpt":{"rendered":"<p>Vafrak\u00f6kustefna KLAK (e. Cookie Policy) KLAK notar vafrak\u00f6kur \u00e1 vefsv\u00e6\u00f0inu til a\u00f0 tryggja sem besta upplifun og \u00f6rugga virkni fyrir notendur. Vafrak\u00f6kur (cookies) eru litlar textaskr\u00e1r sem vista\u00f0ar eru \u00e1 t\u00e6ki notanda \u00feegar vefs\u00ed\u00f0a er heims\u00f3tt. \u00de\u00e6r eru nota\u00f0ar til a\u00f0 tryggja virkni vefs\u00ed\u00f0u, b\u00e6ta notendaupplifun og safna t\u00f6lfr\u00e6\u00f0ilegum uppl\u00fdsingum. \u00deegar \u00fe\u00fa sko\u00f0ar vefsv\u00e6\u00f0i okkar [&hellip;]<\/p>\n","protected":false},"author":25,"featured_media":0,"parent":0,"menu_order":0,"comment_status":"closed","ping_status":"closed","template":"","meta":{"_acf_changed":false,"footnotes":""},"class_list":["post-148295","page","type-page","status-publish","hentry"],"acf":{"tengd_verkefni":null},"_links":{"self":[{"href":"https:\/\/klak.is\/en\/wp-json\/wp\/v2\/pages\/148295","targetHints":{"allow":["GET"]}}],"collection":[{"href":"https:\/\/klak.is\/en\/wp-json\/wp\/v2\/pages"}],"about":[{"href":"https:\/\/klak.is\/en\/wp-json\/wp\/v2\/types\/page"}],"author":[{"embeddable":true,"href":"https:\/\/klak.is\/en\/wp-json\/wp\/v2\/users\/25"}],"replies":[{"embeddable":true,"href":"https:\/\/klak.is\/en\/wp-json\/wp\/v2\/comments?post=148295"}],"version-history":[{"count":0,"href":"https:\/\/klak.is\/en\/wp-json\/wp\/v2\/pages\/148295\/revisions"}],"wp:attachment":[{"href":"https:\/\/klak.is\/en\/wp-json\/wp\/v2\/media?parent=148295"}],"curies":[{"name":"wp","href":"https:\/\/api.w.org\/{rel}","templated":true}]}}